{"id":24,"date":"2015-10-26T18:45:09","date_gmt":"2015-10-26T18:45:09","guid":{"rendered":"https:\/\/www.spookyhousestudios.com\/wordpress\/?page_id=24"},"modified":"2017-04-18T09:25:29","modified_gmt":"2017-04-18T09:25:29","slug":"impressum","status":"publish","type":"page","link":"https:\/\/www.spookyhousestudios.com\/s\/impressum\/","title":{"rendered":"Impressum"},"content":{"rendered":"<div class=\"contentContainer block floatLeft\">\n<h2>Spooky House Studios UG (haftungsbeschr\u00e4nkt)<\/h2>\n<p>Gesch\u00e4ftsf\u00fchrerin: Irina Gradinari Adresse;<br \/>\nOtto-Schmidt-Str. 9, 04425 Taucha, Deutschland<\/p>\n<p>Amtsgericht Leipzig.<\/p>\n<p>HRB 26050<\/p>\n<p>email: office@spookyhousestudios.com<\/p>\n<\/div>\n","protected":false},"excerpt":{"rendered":"<p>Spooky House Studios UG (haftungsbeschr\u00e4nkt) Gesch\u00e4ftsf\u00fchrerin: Irina Gradinari Adresse; Otto-Schmidt-Str. 9, 04425 Taucha, Deutschland Amtsgericht Leipzig. HRB 26050 email: office@spookyhousestudios.com<\/p>\n","protected":false},"author":1,"featured_media":26,"parent":0,"menu_order":0,"comment_status":"closed","ping_status":"closed","template":"","meta":[],"_links":{"self":[{"href":"https:\/\/www.spookyhousestudios.com\/s\/wp-json\/wp\/v2\/pages\/24"}],"collection":[{"href":"https:\/\/www.spookyhousestudios.com\/s\/wp-json\/wp\/v2\/pages"}],"about":[{"href":"https:\/\/www.spookyhousestudios.com\/s\/wp-json\/wp\/v2\/types\/page"}],"author":[{"embeddable":true,"href":"https:\/\/www.spookyhousestudios.com\/s\/wp-json\/wp\/v2\/users\/1"}],"replies":[{"embeddable":true,"href":"https:\/\/www.spookyhousestudios.com\/s\/wp-json\/wp\/v2\/comments?post=24"}],"version-history":[{"count":8,"href":"https:\/\/www.spookyhousestudios.com\/s\/wp-json\/wp\/v2\/pages\/24\/revisions"}],"predecessor-version":[{"id":484,"href":"https:\/\/www.spookyhousestudios.com\/s\/wp-json\/wp\/v2\/pages\/24\/revisions\/484"}],"wp:featuredmedia":[{"embeddable":true,"href":"https:\/\/www.spookyhousestudios.com\/s\/wp-json\/wp\/v2\/media\/26"}],"wp:attachment":[{"href":"https:\/\/www.spookyhousestudios.com\/s\/wp-json\/wp\/v2\/media?parent=24"}],"curies":[{"name":"wp","href":"https:\/\/api.w.org\/{rel}","templated":true}]}}